{"id":304,"date":"2015-12-21T13:46:43","date_gmt":"2015-12-21T12:46:43","guid":{"rendered":"http:\/\/mp-c.eu\/agence\/?page_id=304"},"modified":"2025-01-10T11:28:53","modified_gmt":"2025-01-10T10:28:53","slug":"mentions-legales","status":"publish","type":"page","link":"https:\/\/mp-c.eu\/agence\/mentions-legales\/","title":{"rendered":"Mentions l\u00e9gales et protection des donn\u00e9es personnelles"},"content":{"rendered":"<h4><strong>Voici nos mentions l\u00e9gales et la protection de vos donn\u00e9es personnelles<\/strong><\/h4>\n<p>Ce site web a \u00e9t\u00e9 cr\u00e9\u00e9 en novembre 2024 par l&rsquo;agence Popncom bas\u00e9e\u00a0 en France, membre du r\u00e9seau Coopaname. MP&amp;C, Psychoportrait symbolique et psychoprofils symboliques sont des marques d\u00e9pos\u00e9es,\u00a0 propri\u00e9t\u00e9 exclusive de Marie-Pierre Medouga-Ndjikessi, consultante &amp; entrepreneure-salari\u00e9e au sein de Coopaname. La marque a \u00e9t\u00e9 d\u00e9pos\u00e9e, de m\u00eame que le mod\u00e8le d\u2019interpr\u00e9tation, la m\u00e9thodologie, l\u2018ensemble des contenus, textes, pages, scripts, ic\u00f4nes, et graphiques, le choix et la composition des couleurs du site sont la propri\u00e9t\u00e9 priv\u00e9e de Marie-Pierre Medouga-Ndjikessi. Toute reproduction totale ou partielle est strictement interdite. D\u00e9pot l\u00e9gal : 13 4 015 246 du 25 juin 2013 \u2013 INPI \u00a0\u2013 La marque MP &amp; C est \u00e9galement d\u00e9pos\u00e9e sous le num\u00e9ro 13 4 015 225 \u2013 INPI. Les noms de domaines relatifs \u00e0 ces marques ont \u00e9t\u00e9 r\u00e9serv\u00e9s. Directrice de la publication : Marie-Pierre Medouga-Ndjikessi, Consultante &amp; Entrepreneure-salari\u00e9e. Centre serveur du site : OVH.com \u2013 140 Quai du Sartel \u2013 59100 Roubaix<\/p>\n<h3><strong><b>DROIT DE REPRODUCTION<\/b><\/strong><\/h3>\n<p>Si vous souhaitez reproduire des documents contenus dans notre site, uniquement \u00e0 des fins non lucratives, nous vous demandons de nous adresser une demande \u00e9crite (par e-mail\u00a0<a href=\"mailto:mp.medouga@mp-c.eu\"><u>mp.medouga@mp-c.eu<\/u><\/a>\u00a0ou par courrier) en pr\u00e9cisant le contenu exact de ce que vous souhaitez reproduire (en application de l\u2019Article L. 122-4 du Code de la propri\u00e9t\u00e9 intellectuelle). Apr\u00e8s accord, il vous est demand\u00e9 de citer pr\u00e9cis\u00e9ment les sources.<\/p>\n<h3><strong><b>LIENS<\/b><\/strong><\/h3>\n<p>Si vous souhaitez \u00e9tablir un lien avec notre site, nous vous demandons de suivre la m\u00eame proc\u00e9dure que ci-dessus (cf. droits de reproduction). Marie-Pierre Medouga-Ndjikessi d\u00e9gage toute responsabilit\u00e9 des liens hypertextes qui peuvent avoir \u00e9t\u00e9 faits avec son site, sans son accord pr\u00e9alable.<\/p>\n<h3><strong><b>Cr\u00e9dits photos du site en ligne<\/b><\/strong><\/h3>\n<p>Studio Photovolt\u00a0\u00bb Louis Nicolas Chosseler Deficamp (Diversitelles) \u2013 Patricia Moerland Newbell Company Marie-Pierre Medouga Florian Rebiere Pascal Grillet Lucie Wojtasiak Ines Dahmani Emmanuelle Amelin L\u2019ensemble des textes sont la propri\u00e9t\u00e9 commune de Marie-Pierre Medouga-Ndjikessi et de ses clients. Un droit de diffusion est accord\u00e9 pour la communication presse et tous m\u00e9dias, y compris les blogueurs (ces derniers doivent indiquer la source).<\/p>\n<h3><strong><b>La protection des donn\u00e9es personnelles<\/b><\/strong><\/h3>\n<p>Les donn\u00e9es \u00e0 caract\u00e8re personnel communiqu\u00e9es sur le site web www.mp-c.eu sont collect\u00e9es et trait\u00e9es par l\u2019agence de MP &amp; C et l\u2019IPS, dans le respect des dispositions de la loi Informatique et Libert\u00e9s n\u00b078\u201017 du 6 janvier 1978 modifi\u00e9e et du R\u00e8glement Europ\u00e9en 2016-\/679 du 27 avril 2016 et en application de la pr\u00e9sente politique de confidentialit\u00e9. L\u2019agence MP &amp; C, \u00a0ne collecte que les donn\u00e9es \u00e0 caract\u00e8re personnel que les utilisateurs du site lui fournissent volontairement notamment en remplissant les formulaires qui se trouvent sur son site ou lorsqu\u2019ils demandent des documentations ou des informations compl\u00e9mentaires et\/ou acc\u00e8dent aux pages via la fiche contacts l\u2019inscription et notamment les nom, pr\u00e9nom, genre, soci\u00e9t\u00e9, fonction, num\u00e9ro de t\u00e9l\u00e9phone, adresse postale, adresse \u00e9lectronique qui sont des donn\u00e9es \u00e0 caract\u00e8re personnel<\/p>\n<p><strong><b>UTILISATION DES DONNEES A CARACTERE PERSONNEL PAR l\u2019agence MP &amp; C &amp; l\u2019IPS<\/b><\/strong><\/p>\n<p>Vos donn\u00e9es \u00e0 caract\u00e8re personnel sont utilis\u00e9es pour vous adresser toute documentation (newsletter, \u2026) que vous pourriez solliciter et plus g\u00e9n\u00e9ralement, pour vous tenir inform\u00e9 des activit\u00e9s de l\u2019agence MP &amp; C et de L\u2019institut du Psychoportrait Symbolique. Ces donn\u00e9es \u00e0 caract\u00e8re personnel peuvent aussi \u00eatre utilis\u00e9es pour vous inviter \u00e0 vous pr\u00e9senter les formations et l\u2019actualit\u00e9 de l\u2019agence et de son r\u00e9seau. <strong><b>DESTINATAIRES DE VOS DONNEES A CARACTERE PERSONNEL<\/b><\/strong> Dans le cadre de son organisation, l\u2019agence MP &amp; C et l\u2019IPS pourront partager les donn\u00e9es \u00e0 caract\u00e8re personnel que vous lui communiquez, en tant que de besoin, avec ses partenaires et sous-traitants et pour les seuls besoins de l\u2019agence et de l\u2019institut de formation et finalit\u00e9s d\u00e9crites au paragraphe pr\u00e9c\u00e9dent. Dans ce cas, l\u2019agence MP &amp; C et l\u2019IPS s\u2019assure que ses partenaires et sous-traitants traitent vos donn\u00e9es conform\u00e9ment aux dispositions de la pr\u00e9sente politique de confidentialit\u00e9. L\u2019agence MP &amp; C s\u2019engage \u00e0 ne jamais vendre, louer, ni confier \u00e0 des tiers autres que les partenaires ou fournisseurs vos donn\u00e9es \u00e0 caract\u00e8re personnel, except\u00e9 en r\u00e9ponse \u00e0 une proc\u00e9dure judiciaire ou administrative de toute nature ou pour se conformer \u00e0 des obligations l\u00e9gales et prot\u00e9ger ses droits.<\/p>\n<p><strong><b>TRANSMISSION DE COURRIEL<\/b><\/strong><\/p>\n<p>Quand vous \u00e9crivez \u00e0 l\u2019agence MP &amp; C via un courriel, l\u2019agence utilise vos donn\u00e9es pour r\u00e9pondre \u00e0 votre demande.<\/p>\n<p>Les courriers \u00e9lectroniques sont conserv\u00e9s le temps de fournir une r\u00e9ponse \u00e0 votre demande. Tout contact par courrier \u00e9lectronique pourra faire l\u2019objet d\u2019un stockage dans un fichier enregistr\u00e9 dans le cadre d\u2019un registre de traitement pour une utilisation exclusive de l\u2019agence MP &amp; C et de sa propri\u00e9taire.<\/p>\n<p><strong><b>VOS DROITS<\/b><\/strong><\/p>\n<p>Conform\u00e9ment aux articles 39 et 40 de la loi \u00ab Informatique et Libert\u00e9s \u00bb du 6 janvier 1978 modifi\u00e9e, vous disposez d\u2019un droit d\u2019acc\u00e8s, de modification et de suppression des donn\u00e9es que vous aurez renseign\u00e9es. Vous avez \u00e9galement la possibilit\u00e9 de vous opposer au traitement de vos donn\u00e9es \u00e0 caract\u00e8re personnel pour des raisons l\u00e9gitimes.<\/p>\n<p>Vous pouvez en outre adresser \u00e0 l\u2019agence MP &amp; C et l\u2019IPS des instructions sp\u00e9cifiques concernant l\u2019utilisation de vos donn\u00e9es apr\u00e8s votre d\u00e9c\u00e8s. Vous pouvez exercer ces droits en contactant le DPD (d\u00e9l\u00e9gu\u00e9 \u00e0 la protection des donn\u00e9es personnelles Marie-Pierre Medouga-Ndjikessi \u00a0\u00a0MPC@mp-c.eu Tel.: \u00a0+33 0622787138 Vous disposez du droit de saisir pour r\u00e9clamation l\u2019autorit\u00e9 administrative de contr\u00f4le comp\u00e9tente (la CNIL), nous vous invitons toutefois \u00e0 nous contacter avant de saisir la CNIL \u00e0 votre demande. Vos donn\u00e9es \u00e0 caract\u00e8re personnel seront conserv\u00e9es durant la p\u00e9riode n\u00e9cessaire au traitement et au suivi de votre inscription et en conformit\u00e9 avec la r\u00e9glementation applicable.<\/p>\n<p><strong><b>LIENS VERS DES SITES EXT\u00c9RIEURS<\/b><\/strong><\/p>\n<p>Certains liens du site vous guident vers un site ext\u00e9rieur. Les sites li\u00e9s \u00e0 celui de l\u2019agence ne sont pas sous son contr\u00f4le et cette derni\u00e8re n\u2019est en aucun cas responsable du contenu ou des liens que vous pourriez y trouver.<\/p>\n<p>L\u2019agence MP &amp; C et l\u2019IPS se r\u00e9servent le droit de retirer de son site tout lien vers un site ext\u00e9rieur, \u00e0 tout moment et pour toute raison qui lui semblera appropri\u00e9e.<\/p>\n<p><strong><b>MODIFICATION DE LA POLITIQUE DE CONFIDENTIALIT\u00c9<\/b><\/strong> La pr\u00e9sente politique de confidentialit\u00e9 pourra \u00eatre modifi\u00e9e par l\u2019agence MP &amp; C et l\u2019IPS au gr\u00e9 des \u00e9volutions des fonctionnalit\u00e9s du site et des services offerts ainsi que des lois applicables aux activit\u00e9s de l\u2019agence. Il vous appartient de v\u00e9rifier les \u00e9ventuelles mises \u00e0 jour de cette politique de confidentialit\u00e9 post\u00e9es sur le site.<\/p>\n","protected":false},"excerpt":{"rendered":"<p>Voici nos mentions l\u00e9gales et la protection de vos donn\u00e9es personnelles Ce site web a \u00e9t\u00e9 cr\u00e9\u00e9 en novembre 2024 par l&rsquo;agence Popncom bas\u00e9e\u00a0 en France, membre du r\u00e9seau Coopaname. MP&amp;C, Psychoportrait symbolique et psychoprofils symboliques sont des marques d\u00e9pos\u00e9es,\u00a0 propri\u00e9t\u00e9 exclusive de Marie-Pierre Medouga-Ndjikessi, consultante &amp; entrepreneure-salari\u00e9e au sein de Coopaname. La marque a [&hellip;]<\/p>\n","protected":false},"author":1,"featured_media":0,"parent":0,"menu_order":0,"comment_status":"closed","ping_status":"closed","template":"","meta":{"_acf_changed":false,"_et_pb_use_builder":"off","_et_pb_old_content":"","_et_gb_content_width":"","_exactmetrics_skip_tracking":false,"_exactmetrics_sitenote_active":false,"_exactmetrics_sitenote_note":"","_exactmetrics_sitenote_category":0,"footnotes":""},"folder":[],"class_list":["post-304","page","type-page","status-publish","hentry"],"acf":[],"yoast_head":"<!-- This site is optimized with the Yoast SEO plugin v26.5 - https:\/\/yoast.com\/wordpress\/plugins\/seo\/ -->\n<title>Mentions l\u00e9gales et protection des donn\u00e9es personnelles - MPC<\/title>\n<meta name=\"robots\" content=\"index, follow, max-snippet:-1, max-image-preview:large, max-video-preview:-1\" \/>\n<link rel=\"canonical\" href=\"https:\/\/mp-c.eu\/agence\/mentions-legales\/\" \/>\n<meta property=\"og:locale\" content=\"fr_FR\" \/>\n<meta property=\"og:type\" content=\"article\" \/>\n<meta property=\"og:title\" content=\"Mentions l\u00e9gales et protection des donn\u00e9es personnelles - MPC\" \/>\n<meta property=\"og:description\" content=\"Voici nos mentions l\u00e9gales et la protection de vos donn\u00e9es personnelles Ce site web a \u00e9t\u00e9 cr\u00e9\u00e9 en novembre 2024 par l&rsquo;agence Popncom bas\u00e9e\u00a0 en France, membre du r\u00e9seau Coopaname. MP&amp;C, Psychoportrait symbolique et psychoprofils symboliques sont des marques d\u00e9pos\u00e9es,\u00a0 propri\u00e9t\u00e9 exclusive de Marie-Pierre Medouga-Ndjikessi, consultante &amp; entrepreneure-salari\u00e9e au sein de Coopaname. La marque a [&hellip;]\" \/>\n<meta property=\"og:url\" content=\"https:\/\/mp-c.eu\/agence\/mentions-legales\/\" \/>\n<meta property=\"og:site_name\" content=\"MPC\" \/>\n<meta property=\"article:publisher\" content=\"https:\/\/www.facebook.com\/agenceMPC\" \/>\n<meta property=\"article:modified_time\" content=\"2025-01-10T10:28:53+00:00\" \/>\n<meta name=\"twitter:card\" content=\"summary_large_image\" \/>\n<meta name=\"twitter:site\" content=\"@mapyntonga\" \/>\n<meta name=\"twitter:label1\" content=\"Dur\u00e9e de lecture estim\u00e9e\" \/>\n\t<meta name=\"twitter:data1\" content=\"6 minutes\" \/>\n<script type=\"application\/ld+json\" class=\"yoast-schema-graph\">{\"@context\":\"https:\/\/schema.org\",\"@graph\":[{\"@type\":\"WebPage\",\"@id\":\"https:\/\/mp-c.eu\/agence\/mentions-legales\/\",\"url\":\"https:\/\/mp-c.eu\/agence\/mentions-legales\/\",\"name\":\"Mentions l\u00e9gales et protection des donn\u00e9es personnelles - MPC\",\"isPartOf\":{\"@id\":\"https:\/\/mp-c.eu\/agence\/#website\"},\"datePublished\":\"2015-12-21T12:46:43+00:00\",\"dateModified\":\"2025-01-10T10:28:53+00:00\",\"breadcrumb\":{\"@id\":\"https:\/\/mp-c.eu\/agence\/mentions-legales\/#breadcrumb\"},\"inLanguage\":\"fr-FR\",\"potentialAction\":[{\"@type\":\"ReadAction\",\"target\":[\"https:\/\/mp-c.eu\/agence\/mentions-legales\/\"]}]},{\"@type\":\"BreadcrumbList\",\"@id\":\"https:\/\/mp-c.eu\/agence\/mentions-legales\/#breadcrumb\",\"itemListElement\":[{\"@type\":\"ListItem\",\"position\":1,\"name\":\"Accueil\",\"item\":\"https:\/\/mp-c.eu\/agence\/\"},{\"@type\":\"ListItem\",\"position\":2,\"name\":\"Mentions l\u00e9gales et protection des donn\u00e9es personnelles\"}]},{\"@type\":\"WebSite\",\"@id\":\"https:\/\/mp-c.eu\/agence\/#website\",\"url\":\"https:\/\/mp-c.eu\/agence\/\",\"name\":\"MPC\",\"description\":\"Media Presse Communication - Marie-Pierre Medouga Ngikessi\",\"publisher\":{\"@id\":\"https:\/\/mp-c.eu\/agence\/#organization\"},\"potentialAction\":[{\"@type\":\"SearchAction\",\"target\":{\"@type\":\"EntryPoint\",\"urlTemplate\":\"https:\/\/mp-c.eu\/agence\/?s={search_term_string}\"},\"query-input\":{\"@type\":\"PropertyValueSpecification\",\"valueRequired\":true,\"valueName\":\"search_term_string\"}}],\"inLanguage\":\"fr-FR\"},{\"@type\":\"Organization\",\"@id\":\"https:\/\/mp-c.eu\/agence\/#organization\",\"name\":\"Media Presse & Communication\",\"url\":\"https:\/\/mp-c.eu\/agence\/\",\"logo\":{\"@type\":\"ImageObject\",\"inLanguage\":\"fr-FR\",\"@id\":\"https:\/\/mp-c.eu\/agence\/#\/schema\/logo\/image\/\",\"url\":\"https:\/\/mp-c.eu\/agence\/wp-content\/uploads\/2024\/09\/logo-MPC-HD-1.jpg\",\"contentUrl\":\"https:\/\/mp-c.eu\/agence\/wp-content\/uploads\/2024\/09\/logo-MPC-HD-1.jpg\",\"width\":680,\"height\":434,\"caption\":\"Media Presse & Communication\"},\"image\":{\"@id\":\"https:\/\/mp-c.eu\/agence\/#\/schema\/logo\/image\/\"},\"sameAs\":[\"https:\/\/www.facebook.com\/agenceMPC\",\"https:\/\/x.com\/mapyntonga\",\"https:\/\/www.linkedin.com\/in\/marie-pierre-medouga-ndjikessi-6b2a7645\"]}]}<\/script>\n<!-- \/ Yoast SEO plugin. -->","yoast_head_json":{"title":"Mentions l\u00e9gales et protection des donn\u00e9es personnelles - MPC","robots":{"index":"index","follow":"follow","max-snippet":"max-snippet:-1","max-image-preview":"max-image-preview:large","max-video-preview":"max-video-preview:-1"},"canonical":"https:\/\/mp-c.eu\/agence\/mentions-legales\/","og_locale":"fr_FR","og_type":"article","og_title":"Mentions l\u00e9gales et protection des donn\u00e9es personnelles - MPC","og_description":"Voici nos mentions l\u00e9gales et la protection de vos donn\u00e9es personnelles Ce site web a \u00e9t\u00e9 cr\u00e9\u00e9 en novembre 2024 par l&rsquo;agence Popncom bas\u00e9e\u00a0 en France, membre du r\u00e9seau Coopaname. MP&amp;C, Psychoportrait symbolique et psychoprofils symboliques sont des marques d\u00e9pos\u00e9es,\u00a0 propri\u00e9t\u00e9 exclusive de Marie-Pierre Medouga-Ndjikessi, consultante &amp; entrepreneure-salari\u00e9e au sein de Coopaname. La marque a [&hellip;]","og_url":"https:\/\/mp-c.eu\/agence\/mentions-legales\/","og_site_name":"MPC","article_publisher":"https:\/\/www.facebook.com\/agenceMPC","article_modified_time":"2025-01-10T10:28:53+00:00","twitter_card":"summary_large_image","twitter_site":"@mapyntonga","twitter_misc":{"Dur\u00e9e de lecture estim\u00e9e":"6 minutes"},"schema":{"@context":"https:\/\/schema.org","@graph":[{"@type":"WebPage","@id":"https:\/\/mp-c.eu\/agence\/mentions-legales\/","url":"https:\/\/mp-c.eu\/agence\/mentions-legales\/","name":"Mentions l\u00e9gales et protection des donn\u00e9es personnelles - MPC","isPartOf":{"@id":"https:\/\/mp-c.eu\/agence\/#website"},"datePublished":"2015-12-21T12:46:43+00:00","dateModified":"2025-01-10T10:28:53+00:00","breadcrumb":{"@id":"https:\/\/mp-c.eu\/agence\/mentions-legales\/#breadcrumb"},"inLanguage":"fr-FR","potentialAction":[{"@type":"ReadAction","target":["https:\/\/mp-c.eu\/agence\/mentions-legales\/"]}]},{"@type":"BreadcrumbList","@id":"https:\/\/mp-c.eu\/agence\/mentions-legales\/#breadcrumb","itemListElement":[{"@type":"ListItem","position":1,"name":"Accueil","item":"https:\/\/mp-c.eu\/agence\/"},{"@type":"ListItem","position":2,"name":"Mentions l\u00e9gales et protection des donn\u00e9es personnelles"}]},{"@type":"WebSite","@id":"https:\/\/mp-c.eu\/agence\/#website","url":"https:\/\/mp-c.eu\/agence\/","name":"MPC","description":"Media Presse Communication - Marie-Pierre Medouga Ngikessi","publisher":{"@id":"https:\/\/mp-c.eu\/agence\/#organization"},"potentialAction":[{"@type":"SearchAction","target":{"@type":"EntryPoint","urlTemplate":"https:\/\/mp-c.eu\/agence\/?s={search_term_string}"},"query-input":{"@type":"PropertyValueSpecification","valueRequired":true,"valueName":"search_term_string"}}],"inLanguage":"fr-FR"},{"@type":"Organization","@id":"https:\/\/mp-c.eu\/agence\/#organization","name":"Media Presse & Communication","url":"https:\/\/mp-c.eu\/agence\/","logo":{"@type":"ImageObject","inLanguage":"fr-FR","@id":"https:\/\/mp-c.eu\/agence\/#\/schema\/logo\/image\/","url":"https:\/\/mp-c.eu\/agence\/wp-content\/uploads\/2024\/09\/logo-MPC-HD-1.jpg","contentUrl":"https:\/\/mp-c.eu\/agence\/wp-content\/uploads\/2024\/09\/logo-MPC-HD-1.jpg","width":680,"height":434,"caption":"Media Presse & Communication"},"image":{"@id":"https:\/\/mp-c.eu\/agence\/#\/schema\/logo\/image\/"},"sameAs":["https:\/\/www.facebook.com\/agenceMPC","https:\/\/x.com\/mapyntonga","https:\/\/www.linkedin.com\/in\/marie-pierre-medouga-ndjikessi-6b2a7645"]}]}},"_links":{"self":[{"href":"https:\/\/mp-c.eu\/agence\/wp-json\/wp\/v2\/pages\/304","targetHints":{"allow":["GET"]}}],"collection":[{"href":"https:\/\/mp-c.eu\/agence\/wp-json\/wp\/v2\/pages"}],"about":[{"href":"https:\/\/mp-c.eu\/agence\/wp-json\/wp\/v2\/types\/page"}],"author":[{"embeddable":true,"href":"https:\/\/mp-c.eu\/agence\/wp-json\/wp\/v2\/users\/1"}],"replies":[{"embeddable":true,"href":"https:\/\/mp-c.eu\/agence\/wp-json\/wp\/v2\/comments?post=304"}],"version-history":[{"count":5,"href":"https:\/\/mp-c.eu\/agence\/wp-json\/wp\/v2\/pages\/304\/revisions"}],"predecessor-version":[{"id":6363,"href":"https:\/\/mp-c.eu\/agence\/wp-json\/wp\/v2\/pages\/304\/revisions\/6363"}],"wp:attachment":[{"href":"https:\/\/mp-c.eu\/agence\/wp-json\/wp\/v2\/media?parent=304"}],"wp:term":[{"taxonomy":"folder","embeddable":true,"href":"https:\/\/mp-c.eu\/agence\/wp-json\/wp\/v2\/folder?post=304"}],"curies":[{"name":"wp","href":"https:\/\/api.w.org\/{rel}","templated":true}]}}